{"id":856,"date":"2017-11-08T11:28:24","date_gmt":"2017-11-08T11:28:24","guid":{"rendered":"http:\/\/assessorialaselva.com\/?page_id=856"},"modified":"2023-10-02T10:47:41","modified_gmt":"2023-10-02T08:47:41","slug":"asesoramiento-contable","status":"publish","type":"page","link":"https:\/\/gestorialaselva.com\/es\/asesoramiento-contable\/","title":{"rendered":"ASESORAMIENTO CONTABLE"},"content":{"rendered":"<div id=\"pl-856\"  class=\"panel-layout\" ><div id=\"pg-856-0\"  class=\"panel-grid panel-has-style\" ><div style=\"padding: 20px 0; \" data-overlay=\"true\" data-overlay-color=\"#000000\" class=\"panel-row-style panel-row-style-for-856-0\" ><div id=\"pgc-856-0-0\"  class=\"panel-grid-cell\" ><div id=\"panel-856-0-0-0\" class=\"so-panel widget widget_sow-image panel-first-child panel-last-child\" data-index=\"0\" ><div style=\"text-align: left;\" data-title-color=\"#443f3f\" data-headings-color=\"#443f3f\" class=\"panel-widget-style panel-widget-style-for-856-0-0-0\" ><div\n\t\t\t\n\t\t\tclass=\"so-widget-sow-image so-widget-sow-image-default-c67d20f9f743-856\"\n\t\t\t\n\t\t>\n\n<div class=\"sow-image-container\">\n\t\t<img loading=\"lazy\" decoding=\"async\" src=\"https:\/\/gestorialaselva.com\/es\/wp-content\/uploads\/sites\/3\/2015\/09\/s2.png\" width=\"190\" height=\"177\" srcset=\"https:\/\/gestorialaselva.com\/es\/wp-content\/uploads\/sites\/3\/2015\/09\/s2.png 190w, https:\/\/gestorialaselva.com\/es\/wp-content\/uploads\/sites\/3\/2015\/09\/s2-24x22.png 24w, https:\/\/gestorialaselva.com\/es\/wp-content\/uploads\/sites\/3\/2015\/09\/s2-36x34.png 36w, https:\/\/gestorialaselva.com\/es\/wp-content\/uploads\/sites\/3\/2015\/09\/s2-48x45.png 48w\" sizes=\"auto, (max-width: 190px) 100vw, 190px\" title=\"CONTABILIDAD EN LLORET DE MAR\" alt=\"CONTABILIDAD LLORET DE MAR\" \t\tclass=\"so-widget-image\"\/>\n\t<\/div>\n\n<\/div><\/div><\/div><\/div><div id=\"pgc-856-0-1\"  class=\"panel-grid-cell\" ><div id=\"panel-856-0-1-0\" class=\"so-panel widget widget_sow-editor panel-first-child panel-last-child\" data-index=\"1\" ><div style=\"text-align: left;\" data-title-color=\"#443f3f\" data-headings-color=\"#443f3f\" class=\"panel-widget-style panel-widget-style-for-856-0-1-0\" ><div\n\t\t\t\n\t\t\tclass=\"so-widget-sow-editor so-widget-sow-editor-base\"\n\t\t\t\n\t\t><h3 class=\"widget-title\">\u00bfTiene problemas para cuadrar la contabilidad? \u00a1No se preocupe!<\/h3>\n<div class=\"siteorigin-widget-tinymce textwidget\">\n\t<h5 style=\"text-align: center;\">Juntos sacaremos el m\u00e1ximo rendimiento de su empresa gracias a nuestra continua formaci\u00f3n y m\u00e1s de 35 a\u00f1os de experiencia.<\/h5>\n<\/div>\n<\/div><\/div><\/div><\/div><\/div><\/div><div id=\"pg-856-1\"  class=\"panel-grid panel-has-style\" ><div class=\"siteorigin-panels-stretch panel-row-style panel-row-style-for-856-1\" style=\"padding: 0px 0; \" data-stretch-type=\"full-stretched\" data-overlay=\"true\" data-overlay-color=\"#000000\" ><div id=\"pgc-856-1-0\"  class=\"panel-grid-cell\" ><div id=\"panel-856-1-0-0\" class=\"so-panel widget widget_sow-image panel-first-child panel-last-child\" data-index=\"2\" ><div style=\"text-align: left;\" data-title-color=\"#443f3f\" data-headings-color=\"#443f3f\" class=\"panel-widget-style panel-widget-style-for-856-1-0-0\" ><div\n\t\t\t\n\t\t\tclass=\"so-widget-sow-image so-widget-sow-image-default-8b5b6f678277-856\"\n\t\t\t\n\t\t>\n\n<div class=\"sow-image-container\">\n\t\t<img loading=\"lazy\" decoding=\"async\" src=\"https:\/\/gestorialaselva.com\/es\/wp-content\/uploads\/sites\/3\/2017\/11\/financial-2860753_1920-768x508.jpg\" width=\"768\" height=\"508\" srcset=\"https:\/\/gestorialaselva.com\/es\/wp-content\/uploads\/sites\/3\/2017\/11\/financial-2860753_1920-768x508.jpg 768w, https:\/\/gestorialaselva.com\/es\/wp-content\/uploads\/sites\/3\/2017\/11\/financial-2860753_1920-300x199.jpg 300w, https:\/\/gestorialaselva.com\/es\/wp-content\/uploads\/sites\/3\/2017\/11\/financial-2860753_1920-1024x678.jpg 1024w, https:\/\/gestorialaselva.com\/es\/wp-content\/uploads\/sites\/3\/2017\/11\/financial-2860753_1920-1568x1038.jpg 1568w, https:\/\/gestorialaselva.com\/es\/wp-content\/uploads\/sites\/3\/2017\/11\/financial-2860753_1920-24x16.jpg 24w, https:\/\/gestorialaselva.com\/es\/wp-content\/uploads\/sites\/3\/2017\/11\/financial-2860753_1920-36x24.jpg 36w, https:\/\/gestorialaselva.com\/es\/wp-content\/uploads\/sites\/3\/2017\/11\/financial-2860753_1920-48x32.jpg 48w, https:\/\/gestorialaselva.com\/es\/wp-content\/uploads\/sites\/3\/2017\/11\/financial-2860753_1920.jpg 1920w\" sizes=\"auto, (max-width: 768px) 100vw, 768px\" title=\"ASIENTOS CONTABLES \" alt=\"CIERRE CONTABILIDAD\" \t\tclass=\"so-widget-image\"\/>\n\t<\/div>\n\n<\/div><\/div><\/div><\/div><div id=\"pgc-856-1-1\"  class=\"panel-grid-cell panel-grid-cell-mobile-last\" ><div id=\"panel-856-1-1-0\" class=\"so-panel widget widget_sow-editor panel-first-child\" data-index=\"3\" ><div style=\"text-align: left;\" data-title-color=\"#443f3f\" data-headings-color=\"#443f3f\" class=\"panel-widget-style panel-widget-style-for-856-1-1-0\" ><div\n\t\t\t\n\t\t\tclass=\"so-widget-sow-editor so-widget-sow-editor-base\"\n\t\t\t\n\t\t>\n<div class=\"siteorigin-widget-tinymce textwidget\">\n\t<h3 align=\"center\">La base de cualquier negocio es la contabilidad, donde somos expertos, por eso ofrecemos un asesoramiento contable personalizado y adaptado a su estructura empresarial.<\/h3>\n<h5 style=\"text-align: center;\" align=\"justify\">Una correcta interpretaci\u00f3n y asesoramiento contable son elementos indispensables para el buen funcionamiento de una empresa, especialmente en los momentos actuales donde cada vez las inspecciones administrativas son m\u00e1s habituales. Por esa raz\u00f3n hay que tener toda la informaci\u00f3n correctamente contabilizada y un buen asesor quien pueda interpretar correctamente los diferentes ratios y encaminar al empresario a tomar la decisi\u00f3n m\u00e1s acertada. Conf\u00ede en nosotros que nos avalan m\u00e1s de 35 a\u00f1os de experiencia.<\/h5>\n<\/div>\n<\/div><\/div><\/div><div id=\"panel-856-1-1-1\" class=\"so-panel widget widget_sow-button panel-last-child\" data-index=\"4\" ><div style=\"text-align: left;\" data-title-color=\"#443f3f\" data-headings-color=\"#443f3f\" class=\"panel-widget-style panel-widget-style-for-856-1-1-1\" ><div\n\t\t\t\n\t\t\tclass=\"so-widget-sow-button so-widget-sow-button-wire-3366f1db512c-856\"\n\t\t\t\n\t\t><div class=\"ow-button-base ow-button-align-center\">\n\t<a\n\thref=\"#pg-856-3\"\n\t\tclass=\"ow-icon-placement-left ow-button-hover\" \t>\n\t\t<span>\n\t\t\t\n\t\t\tContactar\t\t<\/span>\n\t<\/a>\n<\/div>\n<\/div><\/div><\/div><\/div><div id=\"pgc-856-1-2\"  class=\"panel-grid-cell panel-grid-cell-empty\" ><\/div><\/div><\/div><div id=\"pg-856-2\"  class=\"panel-grid panel-has-style\" ><div class=\"siteorigin-panels-stretch panel-row-style panel-row-style-for-856-2\" style=\"padding: 0px 0; \" data-stretch-type=\"full\" data-overlay=\"true\" data-overlay-color=\"#000000\" ><div id=\"pgc-856-2-0\"  class=\"panel-grid-cell\" ><div id=\"panel-856-2-0-0\" class=\"so-panel widget widget_sow-editor panel-first-child panel-last-child\" data-index=\"5\" ><div style=\"text-align: left;\" data-title-color=\"#443f3f\" data-headings-color=\"#443f3f\" class=\"panel-widget-style panel-widget-style-for-856-2-0-0\" ><div\n\t\t\t\n\t\t\tclass=\"so-widget-sow-editor so-widget-sow-editor-base\"\n\t\t\t\n\t\t><h3 class=\"widget-title\">ASESORAMIENTO CONTABLE<\/h3>\n<div class=\"siteorigin-widget-tinymce textwidget\">\n\t<ul>\n<li>Preparaci\u00f3n y planificaci\u00f3n del Impuesto de Sociedades, Cuentas Anuales y Memorias<\/li>\n<li>An\u00e1lisis de la Gesti\u00f3n Contable y administrativa<\/li>\n<li>Gestiones con Organismos P\u00fablicas<\/li>\n<li>Legalizaci\u00f3n y presentaci\u00f3n de libros contables y de cuentas anuales<\/li>\n<li>Valoraci\u00f3n empresarial<\/li>\n<li>Elaboraci\u00f3n de los estados financieros<\/li>\n<li>Auditor\u00eda contable<\/li>\n<li>Estudio y revisi\u00f3n de contabilidades<\/li>\n<li>Contabilidad financiera<\/li>\n<li>An\u00e1lisis y confecci\u00f3n plan de negocio, plan de tesorer\u00eda, plan financiero y plan de marketing<\/li>\n<li>Estudio y confecci\u00f3n del modelo de Canvas<\/li>\n<li>An\u00e1lisis de inversiones<\/li>\n<li>Plan de viabilidad econ\u00f3mica y financiera<\/li>\n<li>Asesoramiento de b\u00fasqueda de financiaci\u00f3n (crowdfunding, Business Angels, etc.) <\/li>\n<\/ul>\n<\/div>\n<\/div><\/div><\/div><\/div><div id=\"pgc-856-2-1\"  class=\"panel-grid-cell\" ><div id=\"panel-856-2-1-0\" class=\"so-panel widget widget_sow-editor panel-first-child panel-last-child\" data-index=\"6\" ><div style=\"text-align: left;\" data-title-color=\"#443f3f\" data-headings-color=\"#443f3f\" class=\"panel-widget-style panel-widget-style-for-856-2-1-0\" ><div\n\t\t\t\n\t\t\tclass=\"so-widget-sow-editor so-widget-sow-editor-base\"\n\t\t\t\n\t\t><h3 class=\"widget-title\">CONTABILIDAD EMPRESARIAL<\/h3>\n<div class=\"siteorigin-widget-tinymce textwidget\">\n\t<ul>\n<li>Contabilidad para todo tipo de empresas<\/li>\n<li>Gesti\u00f3n asientos contables, apertura y cierre del ejercicio, conciliaciones contables, etc.<\/li>\n<li>Organizaci\u00f3n de la contabilidad<\/li>\n<li>Confecci\u00f3n y legalizaci\u00f3n de los libros contables<\/li>\n<li>Dep\u00f3sito de las cuentas anuales<\/li>\n<li>Amortizaciones y provisiones<\/li>\n<li>An\u00e1lisis de datos y principales ratios<\/li>\n<li>Actualizaci\u00f3n de contabilidades atrasadas<\/li>\n<li>Estudio y revisi\u00f3n de contabilidades<\/li>\n<li>Dise\u00f1o de planes de contabilidad<\/li>\n<li>Elaboraci\u00f3n de los estados financieros<\/li>\n<li>Contabilidad financiera<\/li>\n<li>Gesti\u00f3n contable profesional<\/li>\n<\/ul>\n<\/div>\n<\/div><\/div><\/div><\/div><\/div><\/div><div id=\"pg-856-3\"  class=\"panel-grid panel-has-style\" ><div class=\"siteorigin-panels-stretch panel-row-style panel-row-style-for-856-3\" style=\"background-image: url(https:\/\/gestorialaselva.com\/es\/wp-content\/uploads\/sites\/3\/2015\/09\/Contact_us-1024x683.jpg);padding: 0px 0; \" data-stretch-type=\"full-stretched\" data-hasbg=\"hasbg\" data-overlay=\"true\" data-overlay-color=\"#000000\" ><div id=\"pgc-856-3-0\"  class=\"panel-grid-cell\" ><div id=\"panel-856-3-0-0\" class=\"so-panel widget widget_sow-editor panel-first-child panel-last-child\" data-index=\"7\" ><div style=\"text-align: left;\" data-title-color=\"#443f3f\" data-headings-color=\"#443f3f\" class=\"panel-widget-style panel-widget-style-for-856-3-0-0\" ><div\n\t\t\t\n\t\t\tclass=\"so-widget-sow-editor so-widget-sow-editor-base\"\n\t\t\t\n\t\t>\n<div class=\"siteorigin-widget-tinymce textwidget\">\n\t<h2 style=\"text-align: center;\"><span style=\"color: #ffffff;\">\u00bfTienes alguna duda? Cont\u00e1ctanos<\/span><\/h2>\n<\/div>\n<\/div><\/div><\/div><\/div><\/div><\/div><div id=\"pg-856-4\"  class=\"panel-grid panel-has-style\" ><div class=\"siteorigin-panels-stretch panel-row-style panel-row-style-for-856-4\" style=\"padding: 50px 0; \" data-stretch-type=\"full\" data-overlay=\"true\" data-overlay-color=\"#000000\" ><div id=\"pgc-856-4-0\"  class=\"panel-grid-cell\" ><div id=\"panel-856-4-0-0\" class=\"so-panel widget widget_sow-editor panel-first-child panel-last-child\" data-index=\"8\" ><div style=\"text-align: left;\" data-title-color=\"#443f3f\" data-headings-color=\"#443f3f\" class=\"panel-widget-style panel-widget-style-for-856-4-0-0\" ><div\n\t\t\t\n\t\t\tclass=\"so-widget-sow-editor so-widget-sow-editor-base\"\n\t\t\t\n\t\t>\n<div class=\"siteorigin-widget-tinymce textwidget\">\n\t<p style=\"text-align: center;\">\n<div class=\"wpcf7 no-js\" id=\"wpcf7-f2570-o1\" lang=\"es-ES\" dir=\"ltr\">\n<div class=\"screen-reader-response\"><p role=\"status\" aria-live=\"polite\" aria-atomic=\"true\"><\/p> <ul><\/ul><\/div>\n<form action=\"\/es\/wp-json\/wp\/v2\/pages\/856#wpcf7-f2570-o1\" method=\"post\" class=\"wpcf7-form init wpcf7-acceptance-as-validation\" aria-label=\"Formulario de contacto\" enctype=\"multipart\/form-data\" novalidate=\"novalidate\" data-status=\"init\">\n<div style=\"display: none;\">\n<input type=\"hidden\" name=\"_wpcf7\" value=\"2570\" \/>\n<input type=\"hidden\" name=\"_wpcf7_version\" value=\"5.9.3\" \/>\n<input type=\"hidden\" name=\"_wpcf7_locale\" value=\"es_ES\" \/>\n<input type=\"hidden\" name=\"_wpcf7_unit_tag\" value=\"wpcf7-f2570-o1\" \/>\n<input type=\"hidden\" name=\"_wpcf7_container_post\" value=\"0\" \/>\n<input type=\"hidden\" name=\"_wpcf7_posted_data_hash\" value=\"\" \/>\n<input type=\"hidden\" name=\"_wpcf7_recaptcha_response\" value=\"\" \/>\n<\/div>\n<div class=\"one-half\">\n\t<p><label> <span class=\"wpcf7-form-control-wrap\" data-name=\"your-name\"><input size=\"40\" class=\"wpcf7-form-control wpcf7-text wpcf7-validates-as-required\" aria-required=\"true\" aria-invalid=\"false\" placeholder=\"Nombre y Apellido\" value=\"\" type=\"text\" name=\"your-name\" \/><\/span> <\/label>\n\t<\/p>\n<\/div>\n<div class=\"one-half last\">\n\t<p><label> <span class=\"wpcf7-form-control-wrap\" data-name=\"your-email\"><input size=\"40\" class=\"wpcf7-form-control wpcf7-email wpcf7-validates-as-required wpcf7-text wpcf7-validates-as-email\" aria-required=\"true\" aria-invalid=\"false\" placeholder=\"Email\" value=\"\" type=\"email\" name=\"your-email\" \/><\/span> <\/label>\n\t<\/p>\n<\/div>\n<div class=\"one-half\">\n\t<p><label> <span class=\"wpcf7-form-control-wrap\" data-name=\"your-subject\"><input size=\"40\" class=\"wpcf7-form-control wpcf7-text\" aria-invalid=\"false\" placeholder=\"Asunto\" value=\"\" type=\"text\" name=\"your-subject\" \/><\/span> <\/label>\n\t<\/p>\n<\/div>\n<div class=\"one-half last\">\n\t<p><label> <span class=\"wpcf7-form-control-wrap\" data-name=\"tel-474\"><input size=\"40\" class=\"wpcf7-form-control wpcf7-tel wpcf7-text wpcf7-validates-as-tel\" aria-invalid=\"false\" placeholder=\"Tel\u00e9fono\" value=\"\" type=\"tel\" name=\"tel-474\" \/><\/span> <\/label>\n\t<\/p>\n<\/div>\n<p><label> <span class=\"wpcf7-form-control-wrap\" data-name=\"your-message\"><textarea cols=\"40\" rows=\"10\" class=\"wpcf7-form-control wpcf7-textarea\" aria-invalid=\"false\" placeholder=\"Mensaje\" name=\"your-message\"><\/textarea><\/span> <\/label>\n<\/p>\n<p><label> <span class=\"wpcf7-form-control-wrap\" data-name=\"acceptance-983\"><span class=\"wpcf7-form-control wpcf7-acceptance\"><span class=\"wpcf7-list-item\"><label><input type=\"checkbox\" name=\"acceptance-983\" value=\"1\" aria-invalid=\"false\" \/><span class=\"wpcf7-list-item-label\">Acepto las clausulas de  <a href=\"https:\/\/gestorialaselva.com\/politica-de-privacitat\/\">Pol\u00edtica de Privacidad<\/a><\/span><\/label><\/span><\/span><\/span><\/label>\n<\/p>\n<p><label> <span class=\"wpcf7-form-control-wrap\" data-name=\"file-104\"><input size=\"40\" class=\"wpcf7-form-control wpcf7-file\" accept=\"audio\/*,video\/*,image\/*\" aria-invalid=\"false\" type=\"file\" name=\"file-104\" \/><\/span><\/label>\n<\/p>\n<p><input class=\"wpcf7-form-control wpcf7-submit has-spinner\" type=\"submit\" value=\"Enviar\" \/>\n<\/p><p style=\"display: none !important;\" class=\"akismet-fields-container\" data-prefix=\"_wpcf7_ak_\"><label>&#916;<textarea name=\"_wpcf7_ak_hp_textarea\" cols=\"45\" rows=\"8\" maxlength=\"100\"><\/textarea><\/label><input type=\"hidden\" id=\"ak_js_1\" name=\"_wpcf7_ak_js\" value=\"204\"\/><script>document.getElementById( \"ak_js_1\" ).setAttribute( \"value\", ( new Date() ).getTime() );<\/script><\/p><div class=\"wpcf7-response-output\" aria-hidden=\"true\"><\/div>\n<\/form>\n<\/div>\n<\/p>\n<\/div>\n<\/div><\/div><\/div><\/div><\/div><\/div><\/div>","protected":false},"excerpt":{"rendered":"<p>Juntos sacaremos el m\u00e1ximo rendimiento de su empresa gracias a nuestra continua formaci\u00f3n y m\u00e1s de 35 a\u00f1os de experiencia. La base [&hellip;]<\/p>\n","protected":false},"author":1,"featured_media":0,"parent":0,"menu_order":0,"comment_status":"closed","ping_status":"closed","template":"page-templates\/page_front-page.php","meta":{"footnotes":""},"class_list":["post-856","page","type-page","status-publish","hentry"],"yoast_head":"<!-- This site is optimized with the Yoast SEO plugin v22.3 - https:\/\/yoast.com\/wordpress\/plugins\/seo\/ -->\n<title>ASESORAMIENTO CONTABLE - GESTORIA LA SELVA, SU GESTOR\u00cdA DE CONFIANZA<\/title>\n<meta name=\"description\" content=\"Consultor\u00eda, Fiscal, Laboral, Contable, Mercantil y Seguros. Assessoria la Selva posa a la seva disposici\u00f3 un servei integral d\u2019assessorament, amb la garantia que la seva empresa es trobar\u00e0 protegida en qualsevol \u00e0mbit tributari, fiscal, comptable, laboral, etc. Ens caracteritzem per oferir una atenci\u00f3 personalitzada i adaptada a les noves tecnologies, oferint un servei individualitzat, exemplar a m\u00e9s a m\u00e9s de l&#039;experi\u00e8ncia, el coneixement del negoci i la formaci\u00f3 cont\u00ednua. El conjunt d\u2019aquets factors ens permeten proporcionar un servei global immillorable.\" \/>\n<meta name=\"robots\" content=\"index, follow, max-snippet:-1, max-image-preview:large, max-video-preview:-1\" \/>\n<link rel=\"canonical\" href=\"https:\/\/gestorialaselva.com\/es\/asesoramiento-contable\/\" \/>\n<meta property=\"og:locale\" content=\"es_ES\" \/>\n<meta property=\"og:type\" content=\"article\" \/>\n<meta property=\"og:title\" content=\"ASESORAMIENTO CONTABLE - GESTORIA LA SELVA, SU GESTOR\u00cdA DE CONFIANZA\" \/>\n<meta property=\"og:description\" content=\"Consultor\u00eda, Fiscal, Laboral, Contable, Mercantil y Seguros. Assessoria la Selva posa a la seva disposici\u00f3 un servei integral d\u2019assessorament, amb la garantia que la seva empresa es trobar\u00e0 protegida en qualsevol \u00e0mbit tributari, fiscal, comptable, laboral, etc. Ens caracteritzem per oferir una atenci\u00f3 personalitzada i adaptada a les noves tecnologies, oferint un servei individualitzat, exemplar a m\u00e9s a m\u00e9s de l&#039;experi\u00e8ncia, el coneixement del negoci i la formaci\u00f3 cont\u00ednua. El conjunt d\u2019aquets factors ens permeten proporcionar un servei global immillorable.\" \/>\n<meta property=\"og:url\" content=\"https:\/\/gestorialaselva.com\/es\/asesoramiento-contable\/\" \/>\n<meta property=\"og:site_name\" content=\"GESTORIA LA SELVA, SU GESTOR\u00cdA DE CONFIANZA\" \/>\n<meta property=\"article:modified_time\" content=\"2023-10-02T08:47:41+00:00\" \/>\n<meta name=\"twitter:card\" content=\"summary_large_image\" \/>\n<meta name=\"twitter:label1\" content=\"Tiempo de lectura\" \/>\n\t<meta name=\"twitter:data1\" content=\"2 minutos\" \/>\n<script type=\"application\/ld+json\" class=\"yoast-schema-graph\">{\"@context\":\"https:\/\/schema.org\",\"@graph\":[{\"@type\":\"WebPage\",\"@id\":\"https:\/\/gestorialaselva.com\/es\/asesoramiento-contable\/\",\"url\":\"https:\/\/gestorialaselva.com\/es\/asesoramiento-contable\/\",\"name\":\"ASESORAMIENTO CONTABLE - GESTORIA LA SELVA, SU GESTOR\u00cdA DE CONFIANZA\",\"isPartOf\":{\"@id\":\"https:\/\/gestorialaselva.com\/es\/#website\"},\"datePublished\":\"2017-11-08T11:28:24+00:00\",\"dateModified\":\"2023-10-02T08:47:41+00:00\",\"description\":\"Consultor\u00eda, Fiscal, Laboral, Contable, Mercantil y Seguros. Assessoria la Selva posa a la seva disposici\u00f3 un servei integral d\u2019assessorament, amb la garantia que la seva empresa es trobar\u00e0 protegida en qualsevol \u00e0mbit tributari, fiscal, comptable, laboral, etc. Ens caracteritzem per oferir una atenci\u00f3 personalitzada i adaptada a les noves tecnologies, oferint un servei individualitzat, exemplar a m\u00e9s a m\u00e9s de l'experi\u00e8ncia, el coneixement del negoci i la formaci\u00f3 cont\u00ednua. El conjunt d\u2019aquets factors ens permeten proporcionar un servei global immillorable.\",\"breadcrumb\":{\"@id\":\"https:\/\/gestorialaselva.com\/es\/asesoramiento-contable\/#breadcrumb\"},\"inLanguage\":\"es\",\"potentialAction\":[{\"@type\":\"ReadAction\",\"target\":[\"https:\/\/gestorialaselva.com\/es\/asesoramiento-contable\/\"]}]},{\"@type\":\"BreadcrumbList\",\"@id\":\"https:\/\/gestorialaselva.com\/es\/asesoramiento-contable\/#breadcrumb\",\"itemListElement\":[{\"@type\":\"ListItem\",\"position\":1,\"name\":\"Inici\",\"item\":\"https:\/\/gestorialaselva.com\/es\/\"},{\"@type\":\"ListItem\",\"position\":2,\"name\":\"ASESORAMIENTO CONTABLE\"}]},{\"@type\":\"WebSite\",\"@id\":\"https:\/\/gestorialaselva.com\/es\/#website\",\"url\":\"https:\/\/gestorialaselva.com\/es\/\",\"name\":\"GESTORIA LA SELVA, SU GESTOR\u00cdA DE CONFIANZA\",\"description\":\"Consultor\u00eda, Fiscal, Laboral, Contable, Mercantil y Seguros en Lloret de Mar\",\"potentialAction\":[{\"@type\":\"SearchAction\",\"target\":{\"@type\":\"EntryPoint\",\"urlTemplate\":\"https:\/\/gestorialaselva.com\/es\/?s={search_term_string}\"},\"query-input\":\"required name=search_term_string\"}],\"inLanguage\":\"es\"}]}<\/script>\n<!-- \/ Yoast SEO plugin. -->","yoast_head_json":{"title":"ASESORAMIENTO CONTABLE - GESTORIA LA SELVA, SU GESTOR\u00cdA DE CONFIANZA","description":"Consultor\u00eda, Fiscal, Laboral, Contable, Mercantil y Seguros. Assessoria la Selva posa a la seva disposici\u00f3 un servei integral d\u2019assessorament, amb la garantia que la seva empresa es trobar\u00e0 protegida en qualsevol \u00e0mbit tributari, fiscal, comptable, laboral, etc. Ens caracteritzem per oferir una atenci\u00f3 personalitzada i adaptada a les noves tecnologies, oferint un servei individualitzat, exemplar a m\u00e9s a m\u00e9s de l'experi\u00e8ncia, el coneixement del negoci i la formaci\u00f3 cont\u00ednua. El conjunt d\u2019aquets factors ens permeten proporcionar un servei global immillorable.","robots":{"index":"index","follow":"follow","max-snippet":"max-snippet:-1","max-image-preview":"max-image-preview:large","max-video-preview":"max-video-preview:-1"},"canonical":"https:\/\/gestorialaselva.com\/es\/asesoramiento-contable\/","og_locale":"es_ES","og_type":"article","og_title":"ASESORAMIENTO CONTABLE - GESTORIA LA SELVA, SU GESTOR\u00cdA DE CONFIANZA","og_description":"Consultor\u00eda, Fiscal, Laboral, Contable, Mercantil y Seguros. Assessoria la Selva posa a la seva disposici\u00f3 un servei integral d\u2019assessorament, amb la garantia que la seva empresa es trobar\u00e0 protegida en qualsevol \u00e0mbit tributari, fiscal, comptable, laboral, etc. Ens caracteritzem per oferir una atenci\u00f3 personalitzada i adaptada a les noves tecnologies, oferint un servei individualitzat, exemplar a m\u00e9s a m\u00e9s de l'experi\u00e8ncia, el coneixement del negoci i la formaci\u00f3 cont\u00ednua. El conjunt d\u2019aquets factors ens permeten proporcionar un servei global immillorable.","og_url":"https:\/\/gestorialaselva.com\/es\/asesoramiento-contable\/","og_site_name":"GESTORIA LA SELVA, SU GESTOR\u00cdA DE CONFIANZA","article_modified_time":"2023-10-02T08:47:41+00:00","twitter_card":"summary_large_image","twitter_misc":{"Tiempo de lectura":"2 minutos"},"schema":{"@context":"https:\/\/schema.org","@graph":[{"@type":"WebPage","@id":"https:\/\/gestorialaselva.com\/es\/asesoramiento-contable\/","url":"https:\/\/gestorialaselva.com\/es\/asesoramiento-contable\/","name":"ASESORAMIENTO CONTABLE - GESTORIA LA SELVA, SU GESTOR\u00cdA DE CONFIANZA","isPartOf":{"@id":"https:\/\/gestorialaselva.com\/es\/#website"},"datePublished":"2017-11-08T11:28:24+00:00","dateModified":"2023-10-02T08:47:41+00:00","description":"Consultor\u00eda, Fiscal, Laboral, Contable, Mercantil y Seguros. Assessoria la Selva posa a la seva disposici\u00f3 un servei integral d\u2019assessorament, amb la garantia que la seva empresa es trobar\u00e0 protegida en qualsevol \u00e0mbit tributari, fiscal, comptable, laboral, etc. Ens caracteritzem per oferir una atenci\u00f3 personalitzada i adaptada a les noves tecnologies, oferint un servei individualitzat, exemplar a m\u00e9s a m\u00e9s de l'experi\u00e8ncia, el coneixement del negoci i la formaci\u00f3 cont\u00ednua. El conjunt d\u2019aquets factors ens permeten proporcionar un servei global immillorable.","breadcrumb":{"@id":"https:\/\/gestorialaselva.com\/es\/asesoramiento-contable\/#breadcrumb"},"inLanguage":"es","potentialAction":[{"@type":"ReadAction","target":["https:\/\/gestorialaselva.com\/es\/asesoramiento-contable\/"]}]},{"@type":"BreadcrumbList","@id":"https:\/\/gestorialaselva.com\/es\/asesoramiento-contable\/#breadcrumb","itemListElement":[{"@type":"ListItem","position":1,"name":"Inici","item":"https:\/\/gestorialaselva.com\/es\/"},{"@type":"ListItem","position":2,"name":"ASESORAMIENTO CONTABLE"}]},{"@type":"WebSite","@id":"https:\/\/gestorialaselva.com\/es\/#website","url":"https:\/\/gestorialaselva.com\/es\/","name":"GESTORIA LA SELVA, SU GESTOR\u00cdA DE CONFIANZA","description":"Consultor\u00eda, Fiscal, Laboral, Contable, Mercantil y Seguros en Lloret de Mar","potentialAction":[{"@type":"SearchAction","target":{"@type":"EntryPoint","urlTemplate":"https:\/\/gestorialaselva.com\/es\/?s={search_term_string}"},"query-input":"required name=search_term_string"}],"inLanguage":"es"}]}},"_links":{"self":[{"href":"https:\/\/gestorialaselva.com\/es\/wp-json\/wp\/v2\/pages\/856","targetHints":{"allow":["GET"]}}],"collection":[{"href":"https:\/\/gestorialaselva.com\/es\/wp-json\/wp\/v2\/pages"}],"about":[{"href":"https:\/\/gestorialaselva.com\/es\/wp-json\/wp\/v2\/types\/page"}],"author":[{"embeddable":true,"href":"https:\/\/gestorialaselva.com\/es\/wp-json\/wp\/v2\/users\/1"}],"replies":[{"embeddable":true,"href":"https:\/\/gestorialaselva.com\/es\/wp-json\/wp\/v2\/comments?post=856"}],"version-history":[{"count":15,"href":"https:\/\/gestorialaselva.com\/es\/wp-json\/wp\/v2\/pages\/856\/revisions"}],"predecessor-version":[{"id":2796,"href":"https:\/\/gestorialaselva.com\/es\/wp-json\/wp\/v2\/pages\/856\/revisions\/2796"}],"wp:attachment":[{"href":"https:\/\/gestorialaselva.com\/es\/wp-json\/wp\/v2\/media?parent=856"}],"curies":[{"name":"wp","href":"https:\/\/api.w.org\/{rel}","templated":true}]}}